{"id":1583,"date":"2017-06-29T02:21:18","date_gmt":"2017-06-29T05:21:18","guid":{"rendered":"http:\/\/www.sinpecpf.org.br\/site\/?page_id=1583"},"modified":"2022-06-30T12:46:53","modified_gmt":"2022-06-30T15:46:53","slug":"perguntas-e-respostas","status":"publish","type":"page","link":"https:\/\/www.sinpecpf.org.br\/site\/assessoria-juridica\/perguntas-e-respostas\/","title":{"rendered":"PERGUNTAS E RESPOSTAS"},"content":{"rendered":"<p>[et_pb_section fb_built=&#8221;1&#8243; admin_label=&#8221;section&#8221; _builder_version=&#8221;3.22&#8243; custom_padding=&#8221;0px|0px|51.1875px|0px&#8221;][et_pb_row column_structure=&#8221;2_3,1_3&#8243; admin_label=&#8221;row&#8221; module_class=&#8221; et_pb_row_fullwidth&#8221; _builder_version=&#8221;3.25&#8243; background_size=&#8221;initial&#8221; background_position=&#8221;top_left&#8221; background_repeat=&#8221;repeat&#8221; width=&#8221;89%&#8221; width_tablet=&#8221;80%&#8221; width_phone=&#8221;&#8221; width_last_edited=&#8221;on|desktop&#8221; max_width=&#8221;89%&#8221; max_width_tablet=&#8221;80%&#8221; max_width_phone=&#8221;&#8221; max_width_last_edited=&#8221;on|desktop&#8221; custom_padding=&#8221;0px|0px|25.5938px|0px&#8221; make_fullwidth=&#8221;on&#8221;][et_pb_column type=&#8221;2_3&#8243; _builder_version=&#8221;3.25&#8243; custom_padding=&#8221;|||&#8221; custom_padding__hover=&#8221;|||&#8221;][et_pb_toggle title=&#8221;Quem s\u00e3o os advogados contratados pelo SINPECPF?&#8221; admin_label=&#8221;Caixa de Altern\u00e2ncia&#8221; _builder_version=&#8221;3.0.87&#8243; background_size=&#8221;initial&#8221; background_position=&#8221;top_left&#8221; background_repeat=&#8221;repeat&#8221; use_border_color=&#8221;off&#8221; border_color=&#8221;#ffffff&#8221; border_style=&#8221;solid&#8221;]<\/p>\n<p class=\"p1\"><span class=\"s1\">Atualmente o SINPECPF mant\u00eam dois parceiros. Um voltado exclusivamente para as demandas da categoria e outra para quest\u00f5es de natureza particular.<\/span><\/p>\n<p class=\"p1\"><span class=\"s1\">O escrit\u00f3rio <strong>CASSEL RUZZARIN SANTOS RODRIGUES ADVOGADOS<\/strong>, atua \u00fanica e <strong>exclusivamente<\/strong> na defesa dos direitos dos servidores p\u00fablicos e, apesar de manter filiais nas cidades de Belo Horizonte, Rio de Janeiro e Santa Maria\/RS, o escrit\u00f3rio mant\u00e9m-se localizado junto a sede do Poder Judici\u00e1rio em Bras\u00edlia. A localiza\u00e7\u00e3o do escrit\u00f3rio colaborador n\u00e3o impede que sua equipe de advogados especializados atuem em todo territ\u00f3rio brasileiro na prote\u00e7\u00e3o dos filiados do SINPECPF.<\/span><\/p>\n<p class=\"p1\"><span class=\"s1\">J\u00e1 para as demandas voltadas para as quest\u00f5es individuais, tais como direito de fam\u00edlia, direito do consumidor, c\u00edvel em geral, o escrit\u00f3rio parceiro \u00e9 o <strong>Fernando &amp; Queiroz <\/strong><strong>ADVOGADOS <\/strong>que vem atuando em defesa dos direitos dos sindicalizados, conforme o nosso Regulamento Jur\u00eddico.<\/span><\/p>\n<p>[\/et_pb_toggle][et_pb_toggle title=&#8221;Como ocorre o atendimento jur\u00eddico para os filiados fora de Bras\u00edlia?&#8221; admin_label=&#8221;Caixa de Altern\u00e2ncia&#8221; _builder_version=&#8221;3.0.87&#8243; background_size=&#8221;initial&#8221; background_position=&#8221;top_left&#8221; background_repeat=&#8221;repeat&#8221; use_border_color=&#8221;off&#8221; border_color=&#8221;#ffffff&#8221; border_style=&#8221;solid&#8221;]<\/p>\n<p class=\"p1\"><span class=\"s1\">Ocorre normalmente. Ap\u00f3s o contato do servidor requerendo assist\u00eancia jur\u00eddica, as demandas s\u00e3o repassadas ao escrit\u00f3rio parceiro, que geralmente designam um advogado para atender o caso. Se necess\u00e1rio, os advogados se deslocam at\u00e9 o estado para acompanhar o processo.<\/span><\/p>\n<p class=\"p1\"><span class=\"s1\"><\/span><\/p>\n<p class=\"p1\"><span class=\"s1\">Diante do cen\u00e1rio pand\u00eamico, nossos parceiros passaram a atender tamb\u00e9m pela modalidade remota, por meio de reuni\u00e3o via videoconfer\u00eancia.<\/span><\/p>\n<p>[\/et_pb_toggle][et_pb_toggle title=&#8221;Como fa\u00e7o para requerer a assist\u00eancia jur\u00eddica ao SINPECPF?&#8221; admin_label=&#8221;Caixa de Altern\u00e2ncia&#8221; _builder_version=&#8221;3.0.87&#8243; background_size=&#8221;initial&#8221; background_position=&#8221;top_left&#8221; background_repeat=&#8221;repeat&#8221; use_border_color=&#8221;off&#8221; border_color=&#8221;#ffffff&#8221; border_style=&#8221;solid&#8221;]<\/p>\n<p class=\"p1\"><span class=\"s1\">Solicitar a assist\u00eancia jur\u00eddica \u00e9 muito simples. Basta contactar o Setor Jur\u00eddico por telefone, por email (juridico@sinpecpf.org.br), pessoalmente ou preencher a <a href=\"https:\/\/docs.google.com\/forms\/d\/e\/1FAIpQLSeabHv3oc6LiA9MQxd2ppReE-EhTqsGPT5NA7wCe6BOl9ZHsw\/viewform?c=0&amp;w=1&amp;includes_info_params=true\" target=\"_blank\" rel=\"noopener\"><strong>ficha de atendimento dispon\u00edvel em nosso site.<\/strong><\/a>\u00a0<\/span><\/p>\n<p class=\"p1\"><span class=\"s1\">No caso do preenchimento da ficha de atendimento, o servidor pode encaminh\u00e1-la pelo portal do SinpecPF ou ainda imprimir e entreg\u00e1-la pessoalmente no sindicato. <\/span><\/p>\n<p>[\/et_pb_toggle][et_pb_toggle title=&#8221;Posso procurar diretamente os advogados do SINPECPF?&#8221; admin_label=&#8221;Caixa de Altern\u00e2ncia&#8221; _builder_version=&#8221;3.0.87&#8243; background_size=&#8221;initial&#8221; background_position=&#8221;top_left&#8221; background_repeat=&#8221;repeat&#8221; use_border_color=&#8221;off&#8221; border_color=&#8221;#ffffff&#8221; border_style=&#8221;solid&#8221;]<\/p>\n<p class=\"p1\"><span class=\"s1\">N\u00e3o. A assist\u00eancia jur\u00eddica deve ser solicitada inicialmente ao SinpecPF. <\/span><\/p>\n<p class=\"p1\"><span class=\"s1\">O SinpecPF disponibiliza em hor\u00e1rio comercial funcion\u00e1rios especializados que ir\u00e3o realizar um atendimento pr\u00e9vio. A pretens\u00e3o neste primeiro contato \u00e9 que possa ser agendado posteriormente o atendimento com um dos advogados e tamb\u00e9m para que seja solicitado do servidor os documentos essenciais para an\u00e1lise do caso.<\/span><\/p>\n<p>[\/et_pb_toggle][et_pb_toggle title=&#8221;Como fico sabendo se os advogados receberam minha demanda?&#8221; admin_label=&#8221;Caixa de Altern\u00e2ncia&#8221; _builder_version=&#8221;3.0.87&#8243; background_size=&#8221;initial&#8221; background_position=&#8221;top_left&#8221; background_repeat=&#8221;repeat&#8221; use_border_color=&#8221;off&#8221; border_color=&#8221;#ffffff&#8221; border_style=&#8221;solid&#8221;]<\/p>\n<p class=\"p1\"><span class=\"s1\">Assim que o filiado realiza o primeiro contato com o SinpecPF, \u00e9 feito agendamento para o atendimento com o escrit\u00f3rio que ir\u00e1 realizar a consulta do solicitante. Posterior ao agendamento, o escrit\u00f3rio ir\u00e1 entrar em contato para colher maiores informa\u00e7\u00f5es ou mesmo solicitar novos documentos para uma an\u00e1lise mais profunda.\u00a0<\/span><\/p>\n<p>[\/et_pb_toggle][et_pb_toggle title=&#8221;Posso solicitar Assist\u00eancia Jur\u00eddica para casos que n\u00e3o tenham rela\u00e7\u00e3o com minha atividade funcional?&#8221; admin_label=&#8221;Caixa de Altern\u00e2ncia&#8221; _builder_version=&#8221;3.0.87&#8243; background_size=&#8221;initial&#8221; background_position=&#8221;top_left&#8221; background_repeat=&#8221;repeat&#8221; use_border_color=&#8221;off&#8221; border_color=&#8221;#ffffff&#8221; border_style=&#8221;solid&#8221;]<\/p>\n<p class=\"p1\"><span class=\"s1\">Sim. <\/span><\/p>\n<p class=\"p1\"><span class=\"s1\">A Assist\u00eancia Jur\u00eddica do SinpecPF tamb\u00e9m alcan\u00e7a as demandas particulares que envolvam quest\u00f5es de Direito Civil.\u00a0<\/span><\/p>\n<p>[\/et_pb_toggle][et_pb_toggle title=&#8221;Meus familiares podem fazer uso da Assist\u00eancia Jur\u00eddica do SinpecPF?&#8221; admin_label=&#8221;Caixa de Altern\u00e2ncia&#8221; _builder_version=&#8221;3.0.87&#8243; background_size=&#8221;initial&#8221; background_position=&#8221;top_left&#8221; background_repeat=&#8221;repeat&#8221; use_border_color=&#8221;off&#8221; border_color=&#8221;#ffffff&#8221; border_style=&#8221;solid&#8221;]<\/p>\n<p class=\"p1\"><span class=\"s1\">O atendimento jur\u00eddico \u00e9 voltado apenas para o filiado, contudo, o escrit\u00f3rio parceiro pode dispor-se a realizar o atendimento mediante a contrata\u00e7\u00e3o e responsabilidade do interessado.<\/span><\/p>\n<p>[\/et_pb_toggle][et_pb_toggle title=&#8221;Existe alguma veda\u00e7\u00e3o para utiliza\u00e7\u00e3o da Assist\u00eancia Jur\u00eddica do SINPECPF?&#8221; admin_label=&#8221;Caixa de Altern\u00e2ncia&#8221; _builder_version=&#8221;4.5.1&#8243; background_size=&#8221;initial&#8221; background_position=&#8221;top_left&#8221; background_repeat=&#8221;repeat&#8221; use_border_color=&#8221;off&#8221; border_color=&#8221;#ffffff&#8221; border_style=&#8221;solid&#8221;]<\/p>\n<p class=\"p1\"><span class=\"s1\">Sim. No artigo 6\u00ba, do Regulamento Jur\u00eddico prev\u00ea situa\u00e7\u00f5es em que a Assist\u00eancia Jur\u00eddica individual n\u00e3o ser\u00e1 deferida: Casos, por exemplo, como: (a) o inadimplemento das contribui\u00e7\u00f5es sindicais; (b) a\u00e7\u00f5es contra o pr\u00f3prio sindicato ou contra outros filiados, (c) em demandas que j\u00e1 for objeto de a\u00e7\u00e3o coletiva; ou (d) quando a demanda j\u00e1 foi objeto Assist\u00eancia Jur\u00eddica em Pec\u00fania; <\/span><\/p>\n<p class=\"p1\"><span class=\"s1\">S\u00e3o situa\u00e7\u00f5es em que impossibilitam o deferimento para Assist\u00eancia Jur\u00eddica.<\/span><\/p>\n<p>[\/et_pb_toggle][et_pb_toggle title=&#8221;Para a\u00e7\u00f5es coletivas, preciso apresentar algum documento?&#8221; admin_label=&#8221;Caixa de Altern\u00e2ncia&#8221; _builder_version=&#8221;3.0.87&#8243; background_size=&#8221;initial&#8221; background_position=&#8221;top_left&#8221; background_repeat=&#8221;repeat&#8221; use_border_color=&#8221;off&#8221; border_color=&#8221;#ffffff&#8221; border_style=&#8221;solid&#8221;]<\/p>\n<p class=\"p1\"><span class=\"s1\">N\u00e3o. <\/span><\/p>\n<p class=\"p1\"><span class=\"s1\">O SinpecPF \u00e9 o representante legal da categoria perante aos poderes constitu\u00eddos e a sociedade, cabendo a este, a plena defesa de direitos individuais e coletivos dos seus filiados.<\/span><\/p>\n<p>[\/et_pb_toggle][et_pb_toggle title=&#8221;O que acontece com os meus processos quando eu pe\u00e7o desligamento do sindicato?&#8221; admin_label=&#8221;Caixa de Altern\u00e2ncia&#8221; _builder_version=&#8221;3.0.87&#8243; background_size=&#8221;initial&#8221; background_position=&#8221;top_left&#8221; background_repeat=&#8221;repeat&#8221; use_border_color=&#8221;off&#8221; border_color=&#8221;#ffffff&#8221; border_style=&#8221;solid&#8221;]<\/p>\n<p class=\"p1\"><span class=\"s1\">Assim que o pedido de desfilia\u00e7\u00e3o chega ao sindicato, o setor jur\u00eddico encaminha of\u00edcio aos parceiros da entidade informando a quebra do v\u00ednculo.\u00a0<\/span><span class=\"s1\">Quando isto ocorre, a Assist\u00eancia Jur\u00eddica \u00e9 interrompida e os advogados solicitam ao servidor que, no prazo de 10 dias, forne\u00e7am os dados\u00a0do novo advogado\u00a0que ir\u00e1 dar continuidade a demanda, salvo contrata\u00e7\u00e3o direta dos servi\u00e7os.<\/span><\/p>\n<p>[\/et_pb_toggle][et_pb_toggle title=&#8221;Tenho processo tramitando com outro advogado e gostaria de repassar a causa aos advogados do SinpecPF. Como devo proceder?&#8221; admin_label=&#8221;Caixa de Altern\u00e2ncia&#8221; _builder_version=&#8221;3.0.87&#8243; background_size=&#8221;initial&#8221; background_position=&#8221;top_left&#8221; background_repeat=&#8221;repeat&#8221; use_border_color=&#8221;off&#8221; border_color=&#8221;#ffffff&#8221; border_style=&#8221;solid&#8221;]<\/p>\n<p class=\"p1\"><span class=\"s1\">Inicialmente deve o filiado entrar em contato com o SinpecPF para oficializar seu pedido de Assist\u00eancia Jur\u00eddica. Em seguida, \u00e9 necess\u00e1rio solicitar ao seu advogado o substabelecimento sem reservas de poderes ao advogado do escrit\u00f3rio. <\/span><\/p>\n<p>[\/et_pb_toggle][et_pb_toggle title=&#8221;O que acontece quando os advogados n\u00e3o podem vir at\u00e9 meu estado para acompanhar meu processo?&#8221; admin_label=&#8221;Caixa de Altern\u00e2ncia&#8221; _builder_version=&#8221;3.0.87&#8243; background_size=&#8221;initial&#8221; background_position=&#8221;top_left&#8221; background_repeat=&#8221;repeat&#8221; use_border_color=&#8221;off&#8221; border_color=&#8221;#ffffff&#8221; border_style=&#8221;solid&#8221;]<\/p>\n<p class=\"p1\"><span class=\"s1\">Isto n\u00e3o acontece. O escrit\u00f3rio de advocacia ou advogado credenciado junto ao SinpecPF tem parceiros em todas as capitais do Brasil e atua com advogados representantes nos demais munic\u00edpios. Seja onde o filiado estiver, haver\u00e1 um advogado para bem represent\u00e1-lo.<\/span><\/p>\n<p>[\/et_pb_toggle][et_pb_toggle title=&#8221;Qual \u00e9 o valor da assist\u00eancia jur\u00eddica em pec\u00fania?&#8221; admin_label=&#8221;Caixa de Altern\u00e2ncia&#8221; _builder_version=&#8221;3.0.87&#8243; background_size=&#8221;initial&#8221; background_position=&#8221;top_left&#8221; background_repeat=&#8221;repeat&#8221; use_border_color=&#8221;off&#8221; border_color=&#8221;#ffffff&#8221; border_style=&#8221;solid&#8221;]<\/p>\n<p class=\"p1\"><span class=\"s1\">O aux\u00edlio em pec\u00fania corresponde a tr\u00eas sal\u00e1rios m\u00ednimos, valor estabelecido em resolu\u00e7\u00e3o da Diretoria-Executiva do SINPECPF.<\/span><\/p>\n<p>[\/et_pb_toggle][et_pb_toggle title=&#8221;Existe limite de A\u00e7\u00f5es Individuais?&#8221; admin_label=&#8221;Caixa de Altern\u00e2ncia&#8221; _builder_version=&#8221;3.0.87&#8243; background_size=&#8221;initial&#8221; background_position=&#8221;top_left&#8221; background_repeat=&#8221;repeat&#8221; use_border_color=&#8221;off&#8221; border_color=&#8221;#ffffff&#8221; border_style=&#8221;solid&#8221;]<\/p>\n<p class=\"p1\"><span class=\"s1\">Sim. <\/span><\/p>\n<p class=\"p1\"><span class=\"s1\">Independente da localidade do benefici\u00e1rio ou de existir demanda em curso, a Assist\u00eancia Jur\u00eddica voltada para o Direito C\u00edvel n\u00e3o poder\u00e1 ultrapassar o pedido para acompanhamento de duas a\u00e7\u00f5es judiciais por ano. O interst\u00edcio estabelecido compreende as demandas protocolizadas entre janeiro a dezembro.<\/span><\/p>\n<p class=\"p1\"><span class=\"s1\">A exce\u00e7\u00e3o \u00e9 para o caso de aux\u00edlio em pec\u00fania, que s\u00f3 ser\u00e1 disponibilizado at\u00e9 duas vezes, com intervalo m\u00ednimo de 5 (cinco) anos, mediante requerimento do filiado ou procurador regularmente constitu\u00eddo.<\/span><\/p>\n<p>[\/et_pb_toggle][et_pb_toggle title=&#8221;Minha a\u00e7\u00e3o foi julgada improcedente. Terei de pagar \u00e0s custas judiciais do processo?&#8221; admin_label=&#8221;Caixa de Altern\u00e2ncia&#8221; _builder_version=&#8221;3.0.87&#8243; background_size=&#8221;initial&#8221; background_position=&#8221;top_left&#8221; background_repeat=&#8221;repeat&#8221; use_border_color=&#8221;off&#8221; border_color=&#8221;#ffffff&#8221; border_style=&#8221;solid&#8221;]<\/p>\n<p class=\"p1\"><span class=\"s1\">Em caso de demanda funcional, N\u00c3O. <\/span><\/p>\n<p class=\"p1\"><span class=\"s1\">Por outro lado, quando a demanda for particular, \u00e0s custas judiciais, bem como as poss\u00edveis condena\u00e7\u00f5es de honor\u00e1rios advocat\u00edcios e sucumbenciais recaem ao filiado que requereu Assist\u00eancia Jur\u00eddica.<\/span><\/p>\n<p>[\/et_pb_toggle][et_pb_toggle title=&#8221;Terei algum custo ao requerer o servi\u00e7o de Assist\u00eancia Jur\u00eddica das demandas relacionadas ao cargo? &#8221; admin_label=&#8221;Caixa de Altern\u00e2ncia&#8221; _builder_version=&#8221;3.0.87&#8243; background_size=&#8221;initial&#8221; background_position=&#8221;top_left&#8221; background_repeat=&#8221;repeat&#8221; use_border_color=&#8221;off&#8221; border_color=&#8221;#ffffff&#8221; border_style=&#8221;solid&#8221;]<\/p>\n<p class=\"p1\"><span class=\"s1\">A assist\u00eancia jur\u00eddica funcional \u00e9 isenta de custas ou honor\u00e1rios periciais e advocat\u00edcios, exce\u00e7\u00e3o nas a\u00e7\u00f5es em que ocorrerem proveito econ\u00f4mico de qualquer natureza, situa\u00e7\u00e3o em que os advogados cobram honor\u00e1rios de 10% calculados sobre o valor da a\u00e7\u00e3o e que ser\u00e3o cobrados somente ao final do processo.<\/span><\/p>\n<p>[\/et_pb_toggle][et_pb_toggle title=&#8221;Minha d\u00favida n\u00e3o est\u00e1 respondida neste FAQ? Como posso obter uma resposta?&#8221; admin_label=&#8221;Caixa de Altern\u00e2ncia&#8221; _builder_version=&#8221;3.0.87&#8243; background_size=&#8221;initial&#8221; background_position=&#8221;top_left&#8221; background_repeat=&#8221;repeat&#8221; use_border_color=&#8221;off&#8221; border_color=&#8221;#ffffff&#8221; border_style=&#8221;solid&#8221;]<\/p>\n<p class=\"p1\"><span class=\"s1\">Se sua d\u00favida n\u00e3o foi respondida nas quest\u00f5es acima, voc\u00ea poder\u00e1 encaminh\u00e1-la para o SINPECPF pelos e-mails comunicacao@sinpecpf.org.br ou juridico@sinpecpf.org.br. <\/span><\/p>\n<p class=\"p1\"><span class=\"s1\">Este espa\u00e7o ser\u00e1 periodicamente atualizado com<\/span><span class=\"s2\"> repostas a novos questionamentos de interesse geral da categoria.<\/span><\/p>\n<p>[\/et_pb_toggle][\/et_pb_column][et_pb_column type=&#8221;1_3&#8243; _builder_version=&#8221;3.25&#8243; custom_padding=&#8221;|||&#8221; custom_padding__hover=&#8221;|||&#8221;][et_pb_cta title=&#8221;JUNTOS SOMOS MAIS FORTES!&#8221; button_url=&#8221;https:\/\/www.sinpecpf.org.br\/site\/filie-se\/&#8221; button_text=&#8221;Clique aqui e filie-se&#8221; admin_label=&#8221;Chamada \u00e0 A\u00e7\u00e3o&#8221; _builder_version=&#8221;3.16&#8243; header_font_size=&#8221;34&#8243; background_image=&#8221;https:\/\/www.sinpecpf.org.br\/site\/wp-content\/uploads\/2017\/06\/bg-degrade-03.png&#8221; background_size=&#8221;initial&#8221; background_position=&#8221;top_left&#8221; background_repeat=&#8221;repeat&#8221; border_width_all=&#8221;2px&#8221; border_color_all=&#8221;#ffffff&#8221; border_style_all=&#8221;solid&#8221; use_border_color=&#8221;on&#8221; border_color=&#8221;#ffffff&#8221; border_width=&#8221;2px&#8221; border_style=&#8221;solid&#8221; button_letter_spacing_hover=&#8221;0&#8243; global_module=&#8221;1599&#8243; saved_tabs=&#8221;all&#8221; button_text_size__hover_enabled=&#8221;off&#8221; button_one_text_size__hover_enabled=&#8221;off&#8221; button_two_text_size__hover_enabled=&#8221;off&#8221; button_text_color__hover_enabled=&#8221;off&#8221; button_one_text_color__hover_enabled=&#8221;off&#8221; button_two_text_color__hover_enabled=&#8221;off&#8221; button_border_width__hover_enabled=&#8221;off&#8221; button_one_border_width__hover_enabled=&#8221;off&#8221; button_two_border_width__hover_enabled=&#8221;off&#8221; button_border_color__hover_enabled=&#8221;off&#8221; button_one_border_color__hover_enabled=&#8221;off&#8221; button_two_border_color__hover_enabled=&#8221;off&#8221; button_border_radius__hover_enabled=&#8221;off&#8221; button_one_border_radius__hover_enabled=&#8221;off&#8221; button_two_border_radius__hover_enabled=&#8221;off&#8221; button_letter_spacing__hover_enabled=&#8221;on&#8221; button_letter_spacing__hover=&#8221;0&#8243; button_one_letter_spacing__hover_enabled=&#8221;off&#8221; button_two_letter_spacing__hover_enabled=&#8221;off&#8221; button_bg_color__hover_enabled=&#8221;off&#8221; button_one_bg_color__hover_enabled=&#8221;off&#8221; button_two_bg_color__hover_enabled=&#8221;off&#8221;][\/et_pb_cta][\/et_pb_column][\/et_pb_row][\/et_pb_section]<\/p>\n","protected":false},"excerpt":{"rendered":"<p>[et_pb_section fb_built=&#8221;1&#8243; admin_label=&#8221;section&#8221; _builder_version=&#8221;3.22&#8243; custom_padding=&#8221;0px|0px|51.1875px|0px&#8221;][et_pb_row column_structure=&#8221;2_3,1_3&#8243; admin_label=&#8221;row&#8221; module_class=&#8221; et_pb_row_fullwidth&#8221; _builder_version=&#8221;3.25&#8243; background_size=&#8221;initial&#8221; background_position=&#8221;top_left&#8221; background_repeat=&#8221;repeat&#8221; width=&#8221;89%&#8221; width_tablet=&#8221;80%&#8221; width_phone=&#8221;&#8221; width_last_edited=&#8221;on|desktop&#8221; max_width=&#8221;89%&#8221; max_width_tablet=&#8221;80%&#8221; max_width_phone=&#8221;&#8221; max_width_last_edited=&#8221;on|desktop&#8221; custom_padding=&#8221;0px|0px|25.5938px|0px&#8221; make_fullwidth=&#8221;on&#8221;][et_pb_column type=&#8221;2_3&#8243; _builder_version=&#8221;3.25&#8243; custom_padding=&#8221;|||&#8221; custom_padding__hover=&#8221;|||&#8221;][et_pb_toggle title=&#8221;Quem s\u00e3o os advogados contratados pelo SINPECPF?&#8221; admin_label=&#8221;Caixa de Altern\u00e2ncia&#8221; _builder_version=&#8221;3.0.87&#8243; background_size=&#8221;initial&#8221; background_position=&#8221;top_left&#8221; background_repeat=&#8221;repeat&#8221; use_border_color=&#8221;off&#8221; border_color=&#8221;#ffffff&#8221; border_style=&#8221;solid&#8221;] Atualmente o SINPECPF mant\u00eam dois parceiros. Um voltado exclusivamente para as [&hellip;]<\/p>\n","protected":false},"author":1,"featured_media":0,"parent":1096,"menu_order":0,"comment_status":"closed","ping_status":"closed","template":"","meta":{"_bbp_topic_count":0,"_bbp_reply_count":0,"_bbp_total_topic_count":0,"_bbp_total_reply_count":0,"_bbp_voice_count":0,"_bbp_anonymous_reply_count":0,"_bbp_topic_count_hidden":0,"_bbp_reply_count_hidden":0,"_bbp_forum_subforum_count":0,"_et_pb_use_builder":"on","_et_pb_old_content":"","_et_gb_content_width":"","_joinchat":[],"footnotes":""},"class_list":["post-1583","page","type-page","status-publish","hentry"],"_links":{"self":[{"href":"https:\/\/www.sinpecpf.org.br\/site\/wp-json\/wp\/v2\/pages\/1583","targetHints":{"allow":["GET"]}}],"collection":[{"href":"https:\/\/www.sinpecpf.org.br\/site\/wp-json\/wp\/v2\/pages"}],"about":[{"href":"https:\/\/www.sinpecpf.org.br\/site\/wp-json\/wp\/v2\/types\/page"}],"author":[{"embeddable":true,"href":"https:\/\/www.sinpecpf.org.br\/site\/wp-json\/wp\/v2\/users\/1"}],"replies":[{"embeddable":true,"href":"https:\/\/www.sinpecpf.org.br\/site\/wp-json\/wp\/v2\/comments?post=1583"}],"version-history":[{"count":41,"href":"https:\/\/www.sinpecpf.org.br\/site\/wp-json\/wp\/v2\/pages\/1583\/revisions"}],"predecessor-version":[{"id":17790,"href":"https:\/\/www.sinpecpf.org.br\/site\/wp-json\/wp\/v2\/pages\/1583\/revisions\/17790"}],"up":[{"embeddable":true,"href":"https:\/\/www.sinpecpf.org.br\/site\/wp-json\/wp\/v2\/pages\/1096"}],"wp:attachment":[{"href":"https:\/\/www.sinpecpf.org.br\/site\/wp-json\/wp\/v2\/media?parent=1583"}],"curies":[{"name":"wp","href":"https:\/\/api.w.org\/{rel}","templated":true}]}}