{"id":13597,"date":"2018-01-29T02:23:08","date_gmt":"2018-01-29T04:23:08","guid":{"rendered":"http:\/\/www.sinpecpf.org.br\/site\/?page_id=13597"},"modified":"2023-04-24T09:52:11","modified_gmt":"2023-04-24T12:52:11","slug":"convenio-planos-de-saude","status":"publish","type":"page","link":"https:\/\/www.sinpecpf.org.br\/site\/convenio-planos-de-saude\/","title":{"rendered":"CONV\u00caNIO &#8211; Planos de Sa\u00fade"},"content":{"rendered":"<p>[et_pb_section fb_built=&#8221;1&#8243; admin_label=&#8221;Se\u00e7\u00e3o&#8221; _builder_version=&#8221;4.5.1&#8243; custom_padding=&#8221;0px|0px|51.1875px|0px&#8221;][et_pb_row admin_label=&#8221;row&#8221; module_class=&#8221; et_pb_row_fullwidth&#8221; _builder_version=&#8221;4.5.1&#8243; background_color=&#8221;rgba(0,0,0,0)&#8221; background_image=&#8221;https:\/\/www.sinpecpf.org.br\/site\/wp-content\/uploads\/2023\/03\/Design-sem-nome-3.jpg&#8221; background_size=&#8221;contain&#8221; width=&#8221;89%&#8221; width_tablet=&#8221;80%&#8221; width_phone=&#8221;&#8221; width_last_edited=&#8221;on|desktop&#8221; max_width=&#8221;89%&#8221; max_width_tablet=&#8221;80%&#8221; max_width_phone=&#8221;&#8221; max_width_last_edited=&#8221;on|desktop&#8221; custom_padding=&#8221;100px|30px|100px|30px&#8221; link_option_url=&#8221;https:\/\/www.qualicorp.com.br\/&#8221; link_option_url_new_window=&#8221;on&#8221; make_fullwidth=&#8221;on&#8221;][et_pb_column type=&#8221;4_4&#8243; _builder_version=&#8221;3.25&#8243; custom_padding=&#8221;100px||100px|&#8221; custom_padding__hover=&#8221;|||&#8221;][\/et_pb_column][\/et_pb_row][et_pb_row admin_label=&#8221;row&#8221; _builder_version=&#8221;3.25&#8243; background_size=&#8221;initial&#8221; background_position=&#8221;top_left&#8221; background_repeat=&#8221;repeat&#8221;][et_pb_column type=&#8221;4_4&#8243; _builder_version=&#8221;3.25&#8243; custom_padding=&#8221;|||&#8221; custom_padding__hover=&#8221;|||&#8221;][et_pb_text admin_label=&#8221;Texto&#8221; _builder_version=&#8221;4.5.1&#8243; background_size=&#8221;initial&#8221; background_position=&#8221;top_left&#8221; background_repeat=&#8221;repeat&#8221; use_border_color=&#8221;off&#8221; border_color=&#8221;#ffffff&#8221; border_style=&#8221;solid&#8221;]<\/p>\n<h1><strong>Sa\u00fade \u00e9 fundamental para a conquista de qualquer objetivo, inclusive valoriza\u00e7\u00e3o profissional. Pensando nisso, o SINPECPF e a qualicorp estabeleceram uma parceria para que os filiados possam buscar diversos servi\u00e7os de prote\u00e7\u00e3o a sua sa\u00fade e de seus familiares.<\/strong><\/h1>\n<p>SINPECPF e Qualicorp mant\u00e9m parceria que possibilita o filiado contratar diversos servi\u00e7os, seja para prote\u00e7\u00e3o de sua sa\u00fade e familiares, seguro vida, auto e de casa, bem como tamb\u00e9m seguro pet, entre outros.<\/p>\n<p>Clicando na imagem acima, o filiado poder\u00e1 conferir os servi\u00e7os prestados pela Qualicorp. \u00c9 fundamental avaliar cuidadosamente todas as op\u00e7\u00f5es para escolher o plano que melhor atende suas necessidades.<\/p>\n<p><strong>MAIS INFORMA\u00c7\u00d5ES:<\/strong><\/p>\n<p>Vale destacar que, seja qual for o plano escolhido, o filiado tem direito \u00e0 contrapartida paga pela Pol\u00edcia Federal para o titular e dependentes. Os valores variam de acordo com a faixa de remunera\u00e7\u00e3o do titular e a idade do benefici\u00e1rio (titular ou dependente).<\/p>\n<p>O SINPECPF seguir\u00e1 lutando para garantir sa\u00fade em dia para todos os filiados. D\u00favidas e sugest\u00f5es podem ser encaminhadas ao e-mail comunicacao@sinpecpf.org.br<\/p>\n<p>[\/et_pb_text][\/et_pb_column][\/et_pb_row][\/et_pb_section]<\/p>\n","protected":false},"excerpt":{"rendered":"<p>[et_pb_section fb_built=&#8221;1&#8243; admin_label=&#8221;Se\u00e7\u00e3o&#8221; _builder_version=&#8221;4.5.1&#8243; custom_padding=&#8221;0px|0px|51.1875px|0px&#8221;][et_pb_row admin_label=&#8221;row&#8221; module_class=&#8221; et_pb_row_fullwidth&#8221; _builder_version=&#8221;4.5.1&#8243; background_color=&#8221;rgba(0,0,0,0)&#8221; background_image=&#8221;https:\/\/www.sinpecpf.org.br\/site\/wp-content\/uploads\/2023\/03\/Design-sem-nome-3.jpg&#8221; background_size=&#8221;contain&#8221; width=&#8221;89%&#8221; width_tablet=&#8221;80%&#8221; width_phone=&#8221;&#8221; width_last_edited=&#8221;on|desktop&#8221; max_width=&#8221;89%&#8221; max_width_tablet=&#8221;80%&#8221; max_width_phone=&#8221;&#8221; max_width_last_edited=&#8221;on|desktop&#8221; custom_padding=&#8221;100px|30px|100px|30px&#8221; link_option_url=&#8221;https:\/\/www.qualicorp.com.br\/&#8221; link_option_url_new_window=&#8221;on&#8221; make_fullwidth=&#8221;on&#8221;][et_pb_column type=&#8221;4_4&#8243; _builder_version=&#8221;3.25&#8243; custom_padding=&#8221;100px||100px|&#8221; custom_padding__hover=&#8221;|||&#8221;][\/et_pb_column][\/et_pb_row][et_pb_row admin_label=&#8221;row&#8221; _builder_version=&#8221;3.25&#8243; background_size=&#8221;initial&#8221; background_position=&#8221;top_left&#8221; background_repeat=&#8221;repeat&#8221;][et_pb_column type=&#8221;4_4&#8243; _builder_version=&#8221;3.25&#8243; custom_padding=&#8221;|||&#8221; custom_padding__hover=&#8221;|||&#8221;][et_pb_text admin_label=&#8221;Texto&#8221; _builder_version=&#8221;4.5.1&#8243; background_size=&#8221;initial&#8221; background_position=&#8221;top_left&#8221; background_repeat=&#8221;repeat&#8221; use_border_color=&#8221;off&#8221; border_color=&#8221;#ffffff&#8221; border_style=&#8221;solid&#8221;] Sa\u00fade \u00e9 fundamental para a conquista de qualquer objetivo, inclusive [&hellip;]<\/p>\n","protected":false},"author":1,"featured_media":0,"parent":0,"menu_order":0,"comment_status":"closed","ping_status":"closed","template":"","meta":{"_bbp_topic_count":0,"_bbp_reply_count":0,"_bbp_total_topic_count":0,"_bbp_total_reply_count":0,"_bbp_voice_count":0,"_bbp_anonymous_reply_count":0,"_bbp_topic_count_hidden":0,"_bbp_reply_count_hidden":0,"_bbp_forum_subforum_count":0,"_et_pb_use_builder":"on","_et_pb_old_content":"","_et_gb_content_width":"","_joinchat":[],"footnotes":""},"class_list":["post-13597","page","type-page","status-publish","hentry"],"_links":{"self":[{"href":"https:\/\/www.sinpecpf.org.br\/site\/wp-json\/wp\/v2\/pages\/13597","targetHints":{"allow":["GET"]}}],"collection":[{"href":"https:\/\/www.sinpecpf.org.br\/site\/wp-json\/wp\/v2\/pages"}],"about":[{"href":"https:\/\/www.sinpecpf.org.br\/site\/wp-json\/wp\/v2\/types\/page"}],"author":[{"embeddable":true,"href":"https:\/\/www.sinpecpf.org.br\/site\/wp-json\/wp\/v2\/users\/1"}],"replies":[{"embeddable":true,"href":"https:\/\/www.sinpecpf.org.br\/site\/wp-json\/wp\/v2\/comments?post=13597"}],"version-history":[{"count":17,"href":"https:\/\/www.sinpecpf.org.br\/site\/wp-json\/wp\/v2\/pages\/13597\/revisions"}],"predecessor-version":[{"id":18447,"href":"https:\/\/www.sinpecpf.org.br\/site\/wp-json\/wp\/v2\/pages\/13597\/revisions\/18447"}],"wp:attachment":[{"href":"https:\/\/www.sinpecpf.org.br\/site\/wp-json\/wp\/v2\/media?parent=13597"}],"curies":[{"name":"wp","href":"https:\/\/api.w.org\/{rel}","templated":true}]}}