{"id":1096,"date":"2017-06-09T02:22:21","date_gmt":"2017-06-09T05:22:21","guid":{"rendered":"http:\/\/www.sinpecpf.org.br\/site\/?page_id=1096"},"modified":"2024-02-06T14:23:02","modified_gmt":"2024-02-06T17:23:02","slug":"assessoria-juridica","status":"publish","type":"page","link":"https:\/\/www.sinpecpf.org.br\/site\/assessoria-juridica\/","title":{"rendered":"ASSESSORIA JUR\u00cdDICA"},"content":{"rendered":"<p>[et_pb_section fb_built=&#8221;1&#8243; admin_label=&#8221;section&#8221; _builder_version=&#8221;4.5.1&#8243; custom_padding=&#8221;0px|0px|51.1875px|0px&#8221;][et_pb_row admin_label=&#8221;row&#8221; module_class=&#8221; et_pb_row_fullwidth&#8221; _builder_version=&#8221;3.25&#8243; background_color=&#8221;#ffffff&#8221; parallax=&#8221;on&#8221; width=&#8221;89%&#8221; width_tablet=&#8221;80%&#8221; width_phone=&#8221;&#8221; width_last_edited=&#8221;on|desktop&#8221; max_width=&#8221;89%&#8221; max_width_tablet=&#8221;80%&#8221; max_width_phone=&#8221;&#8221; max_width_last_edited=&#8221;on|desktop&#8221; custom_padding=&#8221;0px|0px|0px|0px&#8221; make_fullwidth=&#8221;on&#8221;][et_pb_column type=&#8221;4_4&#8243; _builder_version=&#8221;3.25&#8243; custom_padding=&#8221;|||&#8221; custom_padding__hover=&#8221;|||&#8221;][et_pb_text admin_label=&#8221;Texto&#8221; _builder_version=&#8221;4.5.1&#8243; background_color=&#8221;#ffffff&#8221; background_size=&#8221;initial&#8221; background_position=&#8221;top_left&#8221; background_repeat=&#8221;repeat&#8221;]<\/p>\n<p style=\"text-align: justify;\">O servi\u00e7o de assist\u00eancia jur\u00eddica \u00e9 um dos mais importantes produtos oferecidos pelo SINPECPF a seus filiados. O servi\u00e7o objetiva a promo\u00e7\u00e3o e a defesa dos interesses profissionais e particulares dos filiados, estando assegurado no Art. 10 do Estatuto Social do sindicato.<\/p>\n<p style=\"text-align: justify;\">Embora o Estatuto fale em assist\u00eancia jur\u00eddica apenas em casos relacionados ao desempenho das atribui\u00e7\u00f5es do cargo, limitado o servi\u00e7o a duas assist\u00eancias, em intervalo de cinco anos, o SINPECPF decidiu oferecer mais aos seus filiados. Buscando valorizar a categoria e contando com a colabora\u00e7\u00e3o de parceiros, o sindicato aperfei\u00e7oou a assist\u00eancia permitindo que os filiados usufruam do atendimento sempre que necessitarem, inclusive em causas de foro particular, sem rela\u00e7\u00e3o com a vida funcional.<\/p>\n<p style=\"text-align: justify;\">Nas demandas que envolvam quest\u00f5es voltadas para a vida funcional do filiado, a assist\u00eancia \u00e9 patrocinada pelo escrit\u00f3rio Cassel Ruzzarin Santos Rodrigues Advogados. Escrit\u00f3rio especializado na vida funcional dos servidores, no qual seu lema \u00e9 &#8220;do concurso a aposentadoria&#8221;.<\/p>\n<p style=\"text-align: justify;\">J\u00e1 para as quest\u00f5es relacionadas a vida particular do filiado, o parceiro do SinpecPF \u00e9 o Fernando &amp; Queiroz Advogados Associados.<\/p>\n<p style=\"text-align: justify;\">Ambos os parceiros possuem abrang\u00eancia nacional, contudo, para que haja o atendimento \u00e9 necess\u00e1rio que o pedido seja oficializado pelo filiado. O contato pode ser iniciado por telefone, pessoal, por email ( <a href=\"mailto:juridico@sinpecpf.org.br\">juridico@sinpecpf.org.br<\/a>\u00a0), ou mesmo pelo preenchimento do pedido de assessoria jur\u00eddica abaixo.<\/p>\n<p style=\"text-align: justify;\">Em caso de d\u00favidas sobre o funcionamento do atendimento, o filiado pode acessar as \u201c<a href=\"https:\/\/www.sinpecpf.org.br\/site\/assessoria-juridica\/perguntas-e-respostas\/\" target=\"_blank\" rel=\"noopener\"><strong>Perguntas e Respostas sobre a Assist\u00eancia Jur\u00eddica do SINPECPF<\/strong><\/a>\u201d.<\/p>\n<p>[\/et_pb_text][\/et_pb_column][\/et_pb_row][et_pb_row column_structure=&#8221;1_2,1_2&#8243; _builder_version=&#8221;4.5.1&#8243; _module_preset=&#8221;default&#8221; background_color=&#8221;rgba(0,0,0,0)&#8221;][et_pb_column type=&#8221;1_2&#8243; _builder_version=&#8221;4.5.1&#8243; _module_preset=&#8221;default&#8221; background_enable_image=&#8221;off&#8221; link_option_url=&#8221;https:\/\/www.sinpecpf.org.br\/site\/assessoria-juridica\/acoes-coletivas\/&#8221; link_option_url_new_window=&#8221;on&#8221;][et_pb_code _builder_version=&#8221;4.5.1&#8243; _module_preset=&#8221;default&#8221; background_color=&#8221;#c5310d&#8221; height_tablet=&#8221;&#8221; height_phone=&#8221;&#8221; height_last_edited=&#8221;on|desktop&#8221; custom_padding=&#8221;|||0px||&#8221; link_option_url=&#8221;https:\/\/www.sinpecpf.org.br\/site\/assessoria-juridica\/acoes-coletivas\/&#8221; link_option_url_new_window=&#8221;on&#8221;]<\/p>\n<div class=\"et_pb_with_border et_pb_module et_pb_cta_0 et_pb_promo  et_pb_text_align_center et_pb_bg_layout_dark\"><!-- [et_pb_line_break_holder] -->\t\t\t\t<!-- [et_pb_line_break_holder] -->\t\t\t\t<!-- [et_pb_line_break_holder] -->\t\t\t\t<\/p>\n<div class=\"et_pb_promo_description\">\n<h2 class=\"et_pb_module_header\">Conhe\u00e7a as ac\u00f5es coletivas do SinpecPF<\/h2>\n<\/div>\n<p><!-- [et_pb_line_break_holder] -->\t\t\t\t<\/p>\n<div class=\"et_pb_button_wrapper\"><a class=\"et_pb_button et_pb_promo_button\" href=\"https:\/\/www.sinpecpf.org.br\/site\/assessoria-juridica\/acoes-coletivas\/\">CLIQUE AQUI PARA VER AS A\u00c7\u00d5ES COLETIVAS<\/a><\/div>\n<p><!-- [et_pb_line_break_holder] -->\t\t\t<\/div>\n<p>[\/et_pb_code][\/et_pb_column][et_pb_column type=&#8221;1_2&#8243; _builder_version=&#8221;4.5.1&#8243; _module_preset=&#8221;default&#8221; link_option_url=&#8221;https:\/\/docs.google.com\/forms\/d\/1DHjFwABAaLkT8osSLwq7RgDsxamVEDIXnqqXUyz80H4\/viewform?edit_requested=true&#8221; link_option_url_new_window=&#8221;on&#8221;][et_pb_code _builder_version=&#8221;4.5.1&#8243; _module_preset=&#8221;default&#8221; background_color=&#8221;#E09900&#8243; link_option_url=&#8221;https:\/\/docs.google.com\/forms\/d\/1DHjFwABAaLkT8osSLwq7RgDsxamVEDIXnqqXUyz80H4\/viewform?edit_requested=true&#8221; link_option_url_new_window=&#8221;on&#8221;]<\/p>\n<div class=\"et_pb_with_border et_pb_module et_pb_cta_0 et_pb_promo  et_pb_text_align_center et_pb_bg_layout_dark\"><!-- [et_pb_line_break_holder] -->\t\t\t\t<!-- [et_pb_line_break_holder] -->\t\t\t\t<!-- [et_pb_line_break_holder] -->\t\t\t\t<\/p>\n<div class=\"et_pb_promo_description\">\n<h2 class=\"et_pb_module_header\">ASSESSORIA JUR\u00cdDICA<\/h2>\n<\/div>\n<p><!-- [et_pb_line_break_holder] -->\t\t\t\t<\/p>\n<div class=\"et_pb_button_wrapper\"><a class=\"et_pb_button et_pb_promo_button\" href=\"https:\/\/docs.google.com\/forms\/d\/1DHjFwABAaLkT8osSLwq7RgDsxamVEDIXnqqXUyz80H4\/viewform?edit_requested=true\">Clique aqui para obter assist\u00eancia jur\u00eddica<\/a><\/div>\n<p><!-- [et_pb_line_break_holder] -->\t\t\t<\/div>\n<p>[\/et_pb_code][\/et_pb_column][\/et_pb_row][et_pb_row column_structure=&#8221;1_2,1_2&#8243; admin_label=&#8221;row&#8221; module_class=&#8221; et_pb_row_fullwidth&#8221; _builder_version=&#8221;4.5.1&#8243; background_image=&#8221;https:\/\/www.sinpecpf.org.br\/site\/wp-content\/uploads\/2024\/02\/Sem-nome-900-x-940-px-Papel-de-parede-1.png&#8221; parallax=&#8221;on&#8221; width=&#8221;89%&#8221; width_tablet=&#8221;80%&#8221; width_phone=&#8221;&#8221; width_last_edited=&#8221;on|desktop&#8221; max_width=&#8221;89%&#8221; max_width_tablet=&#8221;80%&#8221; max_width_phone=&#8221;&#8221; max_width_last_edited=&#8221;on|desktop&#8221; custom_margin=&#8221;30px|||&#8221; hover_enabled=&#8221;0&#8243; make_fullwidth=&#8221;on&#8221; use_background_color_gradient=&#8221;on&#8221; null=&#8221;#10062d&#8221; background_color_gradient_start=&#8221;#10062d&#8221; background_color_gradient_type=&#8221;radial&#8221; background_color_gradient_direction_radial=&#8221;left&#8221; background_color_gradient_end_position=&#8221;50%&#8221; background_color_gradient_start_position=&#8221;53%&#8221; title_text=&#8221;Sem nome (900 x 940 px) (Papel de parede) (1)&#8221;][et_pb_column type=&#8221;1_2&#8243; _builder_version=&#8221;4.5.1&#8243; custom_padding=&#8221;|||&#8221; hover_enabled=&#8221;0&#8243; custom_padding__hover=&#8221;|||&#8221; link_option_url=&#8221;https:\/\/queirozdosantos.jusbrasil.com.br\/&#8221;][et_pb_text admin_label=&#8221;Texto&#8221; _builder_version=&#8221;4.5.1&#8243; background_size=&#8221;initial&#8221; background_position=&#8221;top_left&#8221; background_repeat=&#8221;repeat&#8221; background_layout=&#8221;dark&#8221; custom_margin=&#8221;|20px||&#8221; hover_enabled=&#8221;0&#8243;]<\/p>\n<p><img loading=\"lazy\" decoding=\"async\" src=\"https:\/\/www.sinpecpf.org.br\/site\/wp-content\/uploads\/2024\/02\/Sem-nome-1600-x-800-px-2600-x-1600-px-300x185.png\" width=\"271\" height=\"167\" alt=\"\" class=\"wp-image-18978 alignnone size-medium\" srcset=\"https:\/\/www.sinpecpf.org.br\/site\/wp-content\/uploads\/2024\/02\/Sem-nome-1600-x-800-px-2600-x-1600-px-300x185.png 300w, https:\/\/www.sinpecpf.org.br\/site\/wp-content\/uploads\/2024\/02\/Sem-nome-1600-x-800-px-2600-x-1600-px-1024x630.png 1024w, https:\/\/www.sinpecpf.org.br\/site\/wp-content\/uploads\/2024\/02\/Sem-nome-1600-x-800-px-2600-x-1600-px-768x473.png 768w, https:\/\/www.sinpecpf.org.br\/site\/wp-content\/uploads\/2024\/02\/Sem-nome-1600-x-800-px-2600-x-1600-px-1536x945.png 1536w, https:\/\/www.sinpecpf.org.br\/site\/wp-content\/uploads\/2024\/02\/Sem-nome-1600-x-800-px-2600-x-1600-px-2048x1260.png 2048w, https:\/\/www.sinpecpf.org.br\/site\/wp-content\/uploads\/2024\/02\/Sem-nome-1600-x-800-px-2600-x-1600-px-1080x665.png 1080w\" sizes=\"auto, (max-width: 271px) 100vw, 271px\" \/><\/p>\n<h1>Lucas Queiroz Advogados Associados<\/h1>\n<p>Lucas Queiros \u00e9 advogado, especialista em Direito do Trabalho, com p\u00f3s gradua\u00e7\u00e3o em Direito e Processo do Trabalho, bem como mestrando em Direito das Rela\u00e7\u00f5es Sociais e Trabalhistas,<br \/> com atua\u00e7\u00e3o no Distrito Federal, Goi\u00e1s e Minas Gerais<\/p>\n<p>[\/et_pb_text][\/et_pb_column][et_pb_column type=&#8221;1_2&#8243; _builder_version=&#8221;4.5.1&#8243; custom_padding=&#8221;|||&#8221; hover_enabled=&#8221;0&#8243; custom_padding__hover=&#8221;|||&#8221; link_option_url=&#8221;https:\/\/www.servidor.adv.br\/&#8221;][et_pb_text admin_label=&#8221;Texto&#8221; _builder_version=&#8221;4.5.1&#8243; background_size=&#8221;initial&#8221; background_position=&#8221;top_left&#8221; background_repeat=&#8221;repeat&#8221; background_layout=&#8221;dark&#8221; custom_margin=&#8221;|20px||&#8221; hover_enabled=&#8221;0&#8243; link_option_url=&#8221;https:\/\/www.servidor.adv.br\/&#8221;]<\/p>\n<p><img loading=\"lazy\" decoding=\"async\" class=\"alignnone size-full wp-image-1356\" src=\"https:\/\/www.sinpecpf.org.br\/site\/wp-content\/uploads\/2017\/06\/YMqpGc.png\" alt=\"\" width=\"473\" height=\"153\" srcset=\"https:\/\/www.sinpecpf.org.br\/site\/wp-content\/uploads\/2017\/06\/YMqpGc.png 473w, https:\/\/www.sinpecpf.org.br\/site\/wp-content\/uploads\/2017\/06\/YMqpGc-300x97.png 300w\" sizes=\"auto, (max-width: 473px) 100vw, 473px\" \/><\/p>\n<h1>Defesa do servidor p\u00fablico do concurso \u00e0 aposentadoria<\/h1>\n<p>Mais de uma d\u00e9cada advogando para agentes e servidores p\u00fablicos, atuamos \u00fanica e exclusivamente na defesa de seus interesses. A exclusividade garante que possamos atend\u00ea-lo com excel\u00eancia por todo o percurso.<\/p>\n<p>[\/et_pb_text][\/et_pb_column][\/et_pb_row][\/et_pb_section]<\/p>\n","protected":false},"excerpt":{"rendered":"<p>[et_pb_section fb_built=&#8221;1&#8243; admin_label=&#8221;section&#8221; _builder_version=&#8221;4.5.1&#8243; custom_padding=&#8221;0px|0px|51.1875px|0px&#8221;][et_pb_row admin_label=&#8221;row&#8221; module_class=&#8221; et_pb_row_fullwidth&#8221; _builder_version=&#8221;3.25&#8243; background_color=&#8221;#ffffff&#8221; parallax=&#8221;on&#8221; width=&#8221;89%&#8221; width_tablet=&#8221;80%&#8221; width_phone=&#8221;&#8221; width_last_edited=&#8221;on|desktop&#8221; max_width=&#8221;89%&#8221; max_width_tablet=&#8221;80%&#8221; max_width_phone=&#8221;&#8221; max_width_last_edited=&#8221;on|desktop&#8221; custom_padding=&#8221;0px|0px|0px|0px&#8221; make_fullwidth=&#8221;on&#8221;][et_pb_column type=&#8221;4_4&#8243; _builder_version=&#8221;3.25&#8243; custom_padding=&#8221;|||&#8221; custom_padding__hover=&#8221;|||&#8221;][et_pb_text admin_label=&#8221;Texto&#8221; _builder_version=&#8221;4.5.1&#8243; background_color=&#8221;#ffffff&#8221; background_size=&#8221;initial&#8221; background_position=&#8221;top_left&#8221; background_repeat=&#8221;repeat&#8221;] O servi\u00e7o de assist\u00eancia jur\u00eddica \u00e9 um dos mais importantes produtos oferecidos pelo SINPECPF a seus filiados. O servi\u00e7o objetiva a promo\u00e7\u00e3o e a [&hellip;]<\/p>\n","protected":false},"author":1,"featured_media":0,"parent":0,"menu_order":0,"comment_status":"closed","ping_status":"closed","template":"","meta":{"_bbp_topic_count":0,"_bbp_reply_count":0,"_bbp_total_topic_count":0,"_bbp_total_reply_count":0,"_bbp_voice_count":0,"_bbp_anonymous_reply_count":0,"_bbp_topic_count_hidden":0,"_bbp_reply_count_hidden":0,"_bbp_forum_subforum_count":0,"_et_pb_use_builder":"on","_et_pb_old_content":"[et_pb_section bb_built=\"1\" admin_label=\"section\" transparent_background=\"off\" allow_player_pause=\"off\" inner_shadow=\"off\" parallax=\"off\" parallax_method=\"on\" make_fullwidth=\"off\" use_custom_width=\"off\" width_unit=\"on\" make_equal=\"off\" use_custom_gutter=\"off\" global_module=\"1358\"][et_pb_row admin_label=\"row\" global_parent=\"1358\" background_image=\"http:\/\/www.sinpecpf.org.br\/site\/wp-content\/uploads\/2017\/06\/banner3.png\" allow_player_pause=\"off\" parallax=\"on\" parallax_method=\"on\" make_fullwidth=\"on\" use_custom_width=\"off\" width_unit=\"on\" use_custom_gutter=\"off\" make_equal=\"off\" parallax_1=\"off\" parallax_method_1=\"off\" parallax_2=\"off\" parallax_method_2=\"off\"][et_pb_column type=\"1_3\"][et_pb_image admin_label=\"Imagem\" global_parent=\"1358\" src=\"http:\/\/www.sinpecpf.org.br\/site\/wp-content\/uploads\/2017\/06\/yx2qMF.png\" show_in_lightbox=\"off\" url_new_window=\"off\" use_overlay=\"off\" sticky=\"off\" align=\"left\" always_center_on_mobile=\"on\" use_border_color=\"off\" border_color=\"#ffffff\" border_style=\"solid\" force_fullwidth=\"off\" animation=\"left\" custom_margin=\"|||40px\" \/][\/et_pb_column][et_pb_column type=\"2_3\"][et_pb_text admin_label=\"Texto\" global_parent=\"1358\" background_layout=\"dark\" text_orientation=\"left\" use_border_color=\"off\" border_color=\"#ffffff\" border_style=\"solid\" custom_margin=\"|20px||\"]\r\n\r\n<img src=\"http:\/\/www.sinpecpf.org.br\/site\/wp-content\/uploads\/2017\/06\/YMqpGc.png\" alt=\"\" width=\"473\" height=\"153\" class=\"alignnone size-full wp-image-1356\" \/>\r\n\r\n<h1>Defesa do servidor p\u00fablico do concurso \u00e0 aposentadoria<\/h1>\r\n\r\nMais de uma d\u00e9cada advogando para agentes e servidores p\u00fablicos, atuamos \u00fanica e exclusivamente na defesa de seus interesses. A exclusividade garante que possamos atend\u00ea-lo com excel\u00eancia por todo o percurso.\r\n\r\n[\/et_pb_text][et_pb_button admin_label=\"Bot\u00e3o\" global_parent=\"1358\" button_text=\"CLIQUE AQUI E SAIBA MAIS\" button_url=\"http:\/\/servidor.adv.br\/\" url_new_window=\"on\" button_alignment=\"center\" background_layout=\"dark\" custom_button=\"off\" button_letter_spacing=\"0\" button_use_icon=\"default\" button_icon_placement=\"right\" button_on_hover=\"on\" button_letter_spacing_hover=\"0\" \/][\/et_pb_column][\/et_pb_row][\/et_pb_section]","_et_gb_content_width":"","_joinchat":[],"footnotes":""},"class_list":["post-1096","page","type-page","status-publish","hentry"],"_links":{"self":[{"href":"https:\/\/www.sinpecpf.org.br\/site\/wp-json\/wp\/v2\/pages\/1096","targetHints":{"allow":["GET"]}}],"collection":[{"href":"https:\/\/www.sinpecpf.org.br\/site\/wp-json\/wp\/v2\/pages"}],"about":[{"href":"https:\/\/www.sinpecpf.org.br\/site\/wp-json\/wp\/v2\/types\/page"}],"author":[{"embeddable":true,"href":"https:\/\/www.sinpecpf.org.br\/site\/wp-json\/wp\/v2\/users\/1"}],"replies":[{"embeddable":true,"href":"https:\/\/www.sinpecpf.org.br\/site\/wp-json\/wp\/v2\/comments?post=1096"}],"version-history":[{"count":50,"href":"https:\/\/www.sinpecpf.org.br\/site\/wp-json\/wp\/v2\/pages\/1096\/revisions"}],"predecessor-version":[{"id":18979,"href":"https:\/\/www.sinpecpf.org.br\/site\/wp-json\/wp\/v2\/pages\/1096\/revisions\/18979"}],"wp:attachment":[{"href":"https:\/\/www.sinpecpf.org.br\/site\/wp-json\/wp\/v2\/media?parent=1096"}],"curies":[{"name":"wp","href":"https:\/\/api.w.org\/{rel}","templated":true}]}}