{"id":1094,"date":"2017-06-09T02:22:07","date_gmt":"2017-06-09T05:22:07","guid":{"rendered":"http:\/\/www.sinpecpf.org.br\/site\/?page_id=1094"},"modified":"2023-10-24T15:52:48","modified_gmt":"2023-10-24T18:52:48","slug":"estados","status":"publish","type":"page","link":"https:\/\/www.sinpecpf.org.br\/site\/estados\/","title":{"rendered":"ESTADOS"},"content":{"rendered":"<p>[et_pb_section fb_built=&#8221;1&#8243; admin_label=&#8221;section&#8221; _builder_version=&#8221;3.22&#8243; custom_padding=&#8221;0px|0px|51.1875px|0px&#8221;][et_pb_row column_structure=&#8221;2_3,1_3&#8243; admin_label=&#8221;row&#8221; module_class=&#8221; et_pb_row_fullwidth&#8221; _builder_version=&#8221;3.25&#8243; background_size=&#8221;initial&#8221; background_position=&#8221;top_left&#8221; background_repeat=&#8221;repeat&#8221; width=&#8221;89%&#8221; width_tablet=&#8221;80%&#8221; width_phone=&#8221;&#8221; width_last_edited=&#8221;on|desktop&#8221; max_width=&#8221;89%&#8221; max_width_tablet=&#8221;80%&#8221; max_width_phone=&#8221;&#8221; max_width_last_edited=&#8221;on|desktop&#8221; custom_margin=&#8221;-20px|||&#8221; make_fullwidth=&#8221;on&#8221;][et_pb_column type=&#8221;2_3&#8243; _builder_version=&#8221;3.25&#8243; custom_padding=&#8221;|||&#8221; custom_padding__hover=&#8221;|||&#8221;][et_pb_accordion admin_label=&#8221;Sanfona&#8221; _builder_version=&#8221;3.0.87&#8243; use_border_color=&#8221;off&#8221; border_color=&#8221;#ffffff&#8221; border_style=&#8221;solid&#8221;][et_pb_accordion_item title=&#8221;ACRE&#8221; _builder_version=&#8221;3.0.47&#8243; open=&#8221;off&#8221;]Representantes &#8211; Acre<br \/>\nRepresentante : Janayra Saraiva Lopes<\/p>\n<p>E-mail : janayra.jsl@dpf.gov.br<\/p>\n<p>Telefone :\u00a068 3214-1200,\u00a068 99975-6874<\/p>\n<p>Suplente<br \/>\nSuplente : Margarete Vanelle G\u00e1vea Rodrigues<\/p>\n<p>E-mail : margarete.mvgr@dpf.gov.br<\/p>\n<p>Telefone :<br \/>\n[\/et_pb_accordion_item][et_pb_accordion_item title=&#8221;ALAGOAS&#8221; _builder_version=&#8221;3.0.47&#8243; open=&#8221;off&#8221;]Representantes &#8211; Alagoas<br \/>\nRepresentante : Adriano de Assis Sales<\/p>\n<p>E-mail : adriano.aas@dpf.gov.br<\/p>\n<p>Telefone : 82 99985-4470<\/p>\n<p>Suplente<br \/>\nSuplente : Allane Emylle Tributino Lima<\/p>\n<p>E-mail : emylle2@hotmail.com<\/p>\n<p>Telefone : 82 99135-5332<br \/>\n[\/et_pb_accordion_item][et_pb_accordion_item title=&#8221;AMAP\u00c1&#8221; _builder_version=&#8221;3.0.47&#8243; open=&#8221;off&#8221;]Representantes &#8211; Amap\u00e1<br \/>\nRepresentante :<\/p>\n<p>E-mail :<\/p>\n<p>Telefone :<\/p>\n<p>Suplente<br \/>\nSuplente :<\/p>\n<p>E-mail :<\/p>\n<p>Telefone :<br \/>\n[\/et_pb_accordion_item][et_pb_accordion_item title=&#8221;AMAZONAS&#8221; _builder_version=&#8221;3.0.47&#8243; open=&#8221;off&#8221;]Representantes &#8211; Amazonas<br \/>\nRepresentante : Maria Lilibete Souza da Silva<\/p>\n<p>E-mail : marialilibetesouzadasilva@gmail.com<\/p>\n<p>Telefone : 92 99337-4701<\/p>\n<p>Suplente<br \/>\nSuplente :<\/p>\n<p>E-mail :<\/p>\n<p>Telefone :<\/p>\n<p>&nbsp;<br \/>\n[\/et_pb_accordion_item][et_pb_accordion_item title=&#8221;BAHIA&#8221; _builder_version=&#8221;3.0.47&#8243; open=&#8221;off&#8221;]&nbsp;<\/p>\n<p>Representantes &#8211; Bahia<br \/>\nRepresentante : Sidney Alc\u00e2ntara Borges<\/p>\n<p>E-mail : sidney.sab@dpf.gov.br<\/p>\n<p>Telefone : 71 3319-6212;\u00a071 98873-0932<\/p>\n<p>Suplente<br \/>\nSuplente : Ant\u00f4nia de F\u00e1tima Gomes da Silva<\/p>\n<p>E-mail :<\/p>\n<p>Telefone :<br \/>\n[\/et_pb_accordion_item][et_pb_accordion_item title=&#8221;CEAR\u00c1&#8221; _builder_version=&#8221;3.0.47&#8243; open=&#8221;off&#8221;]Representantes &#8211; Cear\u00e1<br \/>\nRepresentante : Evaldo Santos da Silva<\/p>\n<p>E-mail : evaldo.ess@dpf.gov.br<\/p>\n<p>Telefone : 85 3392-4988, 85 98885-1811<\/p>\n<p>Suplente<br \/>\nSuplente : Maria do Socorro Ricarte Nonato<\/p>\n<p>E-mail :\u00a0ricarte.msrn@dpf.gov.br<\/p>\n<p>Telefone : 85 98605-0521, 85 99644-2462<br \/>\n[\/et_pb_accordion_item][et_pb_accordion_item title=&#8221;DISTRITO FEDERAL&#8221; _builder_version=&#8221;3.0.47&#8243; open=&#8221;off&#8221;]Representantes &#8211; Distrito Federal<br \/>\nRepresentante : Sede do sindicato<\/p>\n<p>E-mail : presidencia@sinpecpf.org.br<\/p>\n<p>Telefone : 3242-1178, 3244-2172<\/p>\n<p>Suplente<br \/>\nSuplente :<\/p>\n<p>E-mail :<\/p>\n<p>Telefone :<br \/>\n[\/et_pb_accordion_item][et_pb_accordion_item title=&#8221;ESP\u00cdRITO SANTO&#8221; _builder_version=&#8221;3.0.47&#8243; open=&#8221;off&#8221;]&nbsp;<\/p>\n<p>Representantes &#8211; Esp\u00edrito Santo<br \/>\nRepresentante : Sandra Pissarra Barbosa<\/p>\n<p>E-mail : sandrapissarra@gmail.com<\/p>\n<p>Telefone : 27-98172-0024<\/p>\n<p>Suplente<br \/>\nSuplente :<\/p>\n<p>E-mail :<\/p>\n<p>Telefone :<\/p>\n<p>&nbsp;<br \/>\n[\/et_pb_accordion_item][et_pb_accordion_item title=&#8221;GOI\u00c1S&#8221; _builder_version=&#8221;3.0.47&#8243; open=&#8221;off&#8221;]Representantes &#8211; Goi\u00e1s<br \/>\nRepresentante : Weston Ronney Jos\u00e9 Pereira<\/p>\n<p>E-mail : weston.wrjp@dpf.gov.br<\/p>\n<p>Telefone : 62 99201-9810<\/p>\n<p>Suplente<br \/>\nSuplente : Edmar Gomes<\/p>\n<p>E-mail : edmar.esg@me.com<\/p>\n<p>Telefone : 62 99192-5420<\/p>\n<p>&nbsp;<br \/>\n[\/et_pb_accordion_item][et_pb_accordion_item title=&#8221;MARANH\u00c3O&#8221; _builder_version=&#8221;3.0.47&#8243; open=&#8221;off&#8221;]&nbsp;<\/p>\n<p>Representantes &#8211; Maranh\u00e3o<br \/>\nRepresentante : Wilson Castelo Branco Magalh\u00e3es<\/p>\n<p>E-mail : wilson.wcbm@dpf.gov.br<\/p>\n<p>Telefone :\u00a098 3244-4373,\u00a098 98139-6807<\/p>\n<p>Suplente<br \/>\nSuplente :<\/p>\n<p>E-mail :<\/p>\n<p>Telefone :<br \/>\n[\/et_pb_accordion_item][et_pb_accordion_item title=&#8221;MATO GROSSO&#8221; _builder_version=&#8221;3.0.47&#8243; open=&#8221;off&#8221;]Representante :\u00a0Ant\u00f4nio Alencastro<\/p>\n<p>E-mail : alencastro.aac@dpf.gov.br<\/p>\n<p>Telefone : 65 99903-9777<\/p>\n<p>Suplente : Tony Julis Ara\u00fajo<\/p>\n<p>E-mail : tonyjulis.tja@dpf.gov.br<\/p>\n<p>Telefone :<\/p>\n<p>&nbsp;<\/p>\n<p>&nbsp;<\/p>\n<p>&nbsp;<br \/>\n[\/et_pb_accordion_item][et_pb_accordion_item title=&#8221;MATO GROSSO DO SUL&#8221; _builder_version=&#8221;3.0.47&#8243; open=&#8221;off&#8221;]&nbsp;<\/p>\n<p>&nbsp;<\/p>\n<p>Representantes &#8211; Mato Grosso do Sul<br \/>\nRepresentante : Jeferson Aparecido<\/p>\n<p>E-mail : jeferson8242@hotmail.com<\/p>\n<p>Telefone : 67 98169-2525<\/p>\n<p>Suplente<br \/>\nSuplente : Daiane Machado Severo<\/p>\n<p>E-mail : daiane.dmss@dpf.gov.br<\/p>\n<p>Telefone : 67 99601-0375<\/p>\n<p>&nbsp;<\/p>\n<p>&nbsp;<br \/>\n[\/et_pb_accordion_item][et_pb_accordion_item title=&#8221;MINAS GERAIS&#8221; _builder_version=&#8221;3.0.47&#8243; open=&#8221;off&#8221;]&nbsp;<\/p>\n<p>&nbsp;<\/p>\n<p>Representantes &#8211; Minas Gerais<br \/>\nRepresentante : Celso Ferreira dos Santos<\/p>\n<p>E-mail : celsofis@yahoo.com.br<\/p>\n<p>Telefone :\u00a031 9298-0218,\u00a0313330-5255<\/p>\n<p>Suplente<br \/>\nSuplente : Mar\u00edlia Clauver de Aguiar<\/p>\n<p>E-mail : maria.milida@ig.com.br<\/p>\n<p>Telefone : 31 9298-0353<br \/>\n[\/et_pb_accordion_item][et_pb_accordion_item title=&#8221;PAR\u00c1&#8221; _builder_version=&#8221;3.0.47&#8243; open=&#8221;off&#8221;]Representantes &#8211; Par\u00e1<br \/>\nRepresentante : Raimundo Pinheiro Matos<\/p>\n<p>E-mail:\u00a0pinheiromatos@hotmail.com.br<\/p>\n<p>Telefone : 91 3233-7504, 91 98867-2084<\/p>\n<p>Suplente<br \/>\nSuplente :<\/p>\n<p>E-mail :<\/p>\n<p>Telefone :<br \/>\n[\/et_pb_accordion_item][et_pb_accordion_item title=&#8221;PARA\u00cdBA&#8221; _builder_version=&#8221;3.0.47&#8243; open=&#8221;off&#8221;]Representantes &#8211; Para\u00edba<br \/>\nRepresentante : Pablo Moreno Feitosa Gurgel<\/p>\n<p>E-mail : pablo.pmfg@dpf.gov.br<\/p>\n<p>Telefone : 83 3248-5904,\u00a083 99331-9627<\/p>\n<p>Suplente<br \/>\nSuplente :<\/p>\n<p>E-mail :<\/p>\n<p>Telefone :<\/p>\n<p>&nbsp;<br \/>\n[\/et_pb_accordion_item][et_pb_accordion_item title=&#8221;PARAN\u00c1&#8221; _builder_version=&#8221;3.0.47&#8243; open=&#8221;off&#8221;]&nbsp;<\/p>\n<p>Representantes &#8211; Paran\u00e1<br \/>\nRepresentante :\u00a0 Luiz Alberto Bonin<\/p>\n<p>E-mail :\u00a0luiz.lab@dpf.gov.br<\/p>\n<p>Telefone :\u00a041 99605-3297<\/p>\n<p>Suplente<br \/>\nSuplente : Carlos Augusto Feio Nunes<\/p>\n<p>E-mail :\u00a0carlos.cafn@dpf.gov.br<\/p>\n<p>Telefone : 41 99203-1154<\/p>\n<p>&nbsp;<br \/>\n[\/et_pb_accordion_item][et_pb_accordion_item title=&#8221;PERNAMBUCO&#8221; _builder_version=&#8221;3.0.47&#8243; open=&#8221;off&#8221;]&nbsp;<\/p>\n<p>Representantes &#8211; Pernambuco<br \/>\nRepresentante :\u00a0Cl\u00e1udia Regina Freire da Silva<\/p>\n<p>E-mail :\u00a0claudia.pitanga1@hotmail.com;\u00a0claudia.crfs@dpf.gov.br<\/p>\n<p>Telefone : 81 99616-9265<\/p>\n<p>Suplente<br \/>\nSuplente :<\/p>\n<p>E-mail :<\/p>\n<p>Telefone :<br \/>\n[\/et_pb_accordion_item][et_pb_accordion_item title=&#8221;PIAU\u00cd&#8221; _builder_version=&#8221;3.0.47&#8243; open=&#8221;off&#8221;]Representantes &#8211; Piau\u00ed<br \/>\nRepresentante : Francisco Wilson da Costa<\/p>\n<p>E-mail : wilson.fwc@dpf.gov.br<\/p>\n<p>Telefone : 99917-8332<\/p>\n<p>Suplente<br \/>\nSuplente :<\/p>\n<p>E-mail :<\/p>\n<p>Telefone :<br \/>\n[\/et_pb_accordion_item][et_pb_accordion_item title=&#8221;RIO DE JANEIRO&#8221; _builder_version=&#8221;3.0.47&#8243; open=&#8221;off&#8221;]Representantes &#8211; Rio de Janeiro<br \/>\nRepresentante : Willisses Jorge dos Anjos Costa<\/p>\n<p>E-mail : willisses.wjac@dpf.gov.br<\/p>\n<p>Telefone :\u00a021 2203-4471;\u00a021 98472-7652<\/p>\n<p>Suplente<br \/>\nSuplente : Orlando Siqueira Silva<\/p>\n<p>E-mail : osiqueirasilva@ig.com.br<\/p>\n<p>Telefone :<br \/>\n[\/et_pb_accordion_item][et_pb_accordion_item title=&#8221;RIO GRANDE DO NORTE&#8221; _builder_version=&#8221;3.0.47&#8243; open=&#8221;off&#8221;]Representantes &#8211; Rio Grande do Norte<br \/>\nRepresentante : Suely Lucas da Silva<\/p>\n<p>E-mail : suely.sls@dpf.gov.br<\/p>\n<p>Telefone : 99636-4065<\/p>\n<p>Suplente<br \/>\nSuplente :<\/p>\n<p>E-mail :<\/p>\n<p>Telefone :<br \/>\n[\/et_pb_accordion_item][et_pb_accordion_item title=&#8221;RIO GRANDE DO SUL&#8221; _builder_version=&#8221;3.0.47&#8243; open=&#8221;off&#8221;]&nbsp;<\/p>\n<p>Representantes &#8211; Rio Grande do Sul<br \/>\nRepresentante : Vin\u00edcius Marcelino Ilha<\/p>\n<p>E-mail : vinicius.vmi@dpf.gov.br<\/p>\n<p>Telefone :<\/p>\n<p>Suplente : Cleuza Menezes<\/p>\n<p>E-mail : cleuzamenezes@gmail.com<\/p>\n<p>Telefone : 3235-9337<\/p>\n<p>&nbsp;<br \/>\n[\/et_pb_accordion_item][et_pb_accordion_item title=&#8221;ROND\u00d4NIA&#8221; _builder_version=&#8221;3.0.47&#8243; open=&#8221;off&#8221;]&nbsp;<\/p>\n<p>Representantes &#8211; Rond\u00f4nia<br \/>\nRepresentante :<\/p>\n<p>E-mail :<\/p>\n<p>Telefone :<\/p>\n<p>Suplente<br \/>\nSuplente :<\/p>\n<p>E-mail :<\/p>\n<p>Telefone :<br \/>\n[\/et_pb_accordion_item][et_pb_accordion_item title=&#8221;RORAIMA&#8221; _builder_version=&#8221;3.0.47&#8243; open=&#8221;off&#8221;]<\/p>\n<p>&nbsp;<\/p>\n<p>Representantes &#8211; Roraima<br \/>Representante :<\/p>\n<p>E-mail :<\/p>\n<p>Telefone : <\/p>\n<p>Suplente :<\/p>\n<p>E-mail :<\/p>\n<p>Telefone :<\/p>\n<p>&nbsp;<\/p>\n<p>[\/et_pb_accordion_item][et_pb_accordion_item title=&#8221;SANTA CATARINA&#8221; _builder_version=&#8221;3.0.47&#8243; open=&#8221;off&#8221;]Representantes &#8211; Santa Catarina<br \/>\nRepresentante : Alcione Vergil<\/p>\n<p>E-mail :\u00a0vergil.alcione@gmail.com<\/p>\n<p>Telefone : 49 99976-2332<\/p>\n<p>Suplente<br \/>\nSuplente :<\/p>\n<p>E-mail :<\/p>\n<p>Telefone :<\/p>\n<p>&nbsp;<br \/>\n[\/et_pb_accordion_item][et_pb_accordion_item title=&#8221;S\u00c3O PAULO&#8221; open=&#8221;on&#8221; _builder_version=&#8221;3.0.47&#8243;]<\/p>\n<p>&nbsp;<\/p>\n<p>Representantes &#8211; S\u00e3o Paulo<br \/>Representante :Carlos Carvalho Sobrinho<\/p>\n<p>E-mail :carlinhoscarvalho2004@hotmail.com<\/p>\n<p>Telefone :<\/p>\n<p>Suplente<br \/>Suplente :<\/p>\n<p>E-mail :<\/p>\n<p>Telefone :<\/p>\n<p>[\/et_pb_accordion_item][et_pb_accordion_item title=&#8221;SERGIPE&#8221; _builder_version=&#8221;3.0.47&#8243; open=&#8221;off&#8221;]Representantes &#8211; Sergipe<br \/>\nRepresentante : Solenita Batista Carneiro Lima<\/p>\n<p>E-mail : solenita.sbcl@dpf.gov.br<\/p>\n<p>Telefone :\u00a079 99119-9028<\/p>\n<p>Suplente<br \/>\nSuplente : Ronaldo Corr\u00eaa<\/p>\n<p>E-mail : ronaldo.rc@dpf.gov.br<\/p>\n<p>Telefone : 79 8112-2679<br \/>\n[\/et_pb_accordion_item][et_pb_accordion_item title=&#8221;TOCANTINS&#8221; _builder_version=&#8221;3.0.47&#8243; open=&#8221;off&#8221;]Representantes &#8211; Tocantins<br \/>\nRepresentante : Gessivaldo Lino Pinto<\/p>\n<p>E-mail : gessivaldo.glp@dpf.gov.br<\/p>\n<p>Telefone : 63 3218-5716; 63-9979-1665<\/p>\n<p>Suplente<br \/>\nSuplente : L\u00facia de F\u00e1tima Tavares<\/p>\n<p>E-mail : caturelli.lftc@dpf.gov.br<\/p>\n<p>Telefone :<br \/>\n[\/et_pb_accordion_item][\/et_pb_accordion][\/et_pb_column][et_pb_column type=&#8221;1_3&#8243; _builder_version=&#8221;3.25&#8243; custom_padding=&#8221;|||&#8221; custom_padding__hover=&#8221;|||&#8221;][et_pb_cta title=&#8221;JUNTOS SOMOS MAIS FORTES!&#8221; button_url=&#8221;https:\/\/www.sinpecpf.org.br\/site\/filie-se\/&#8221; button_text=&#8221;Clique aqui e filie-se&#8221; admin_label=&#8221;Chamada \u00e0 A\u00e7\u00e3o&#8221; _builder_version=&#8221;3.16&#8243; header_font_size=&#8221;34&#8243; background_image=&#8221;https:\/\/www.sinpecpf.org.br\/site\/wp-content\/uploads\/2017\/06\/bg-degrade-03.png&#8221; background_size=&#8221;initial&#8221; background_position=&#8221;top_left&#8221; background_repeat=&#8221;repeat&#8221; border_width_all=&#8221;2px&#8221; border_color_all=&#8221;#ffffff&#8221; border_style_all=&#8221;solid&#8221; use_border_color=&#8221;on&#8221; border_color=&#8221;#ffffff&#8221; border_width=&#8221;2px&#8221; border_style=&#8221;solid&#8221; button_letter_spacing_hover=&#8221;0&#8243; global_module=&#8221;1599&#8243; saved_tabs=&#8221;all&#8221; button_text_size__hover_enabled=&#8221;off&#8221; button_one_text_size__hover_enabled=&#8221;off&#8221; button_two_text_size__hover_enabled=&#8221;off&#8221; button_text_color__hover_enabled=&#8221;off&#8221; button_one_text_color__hover_enabled=&#8221;off&#8221; button_two_text_color__hover_enabled=&#8221;off&#8221; button_border_width__hover_enabled=&#8221;off&#8221; button_one_border_width__hover_enabled=&#8221;off&#8221; button_two_border_width__hover_enabled=&#8221;off&#8221; button_border_color__hover_enabled=&#8221;off&#8221; button_one_border_color__hover_enabled=&#8221;off&#8221; button_two_border_color__hover_enabled=&#8221;off&#8221; button_border_radius__hover_enabled=&#8221;off&#8221; button_one_border_radius__hover_enabled=&#8221;off&#8221; button_two_border_radius__hover_enabled=&#8221;off&#8221; button_letter_spacing__hover_enabled=&#8221;on&#8221; button_letter_spacing__hover=&#8221;0&#8243; button_one_letter_spacing__hover_enabled=&#8221;off&#8221; button_two_letter_spacing__hover_enabled=&#8221;off&#8221; button_bg_color__hover_enabled=&#8221;off&#8221; button_one_bg_color__hover_enabled=&#8221;off&#8221; button_two_bg_color__hover_enabled=&#8221;off&#8221;][\/et_pb_cta][et_pb_text admin_label=&#8221;Texto&#8221; _builder_version=&#8221;3.27.4&#8243; background_size=&#8221;initial&#8221; background_position=&#8221;top_left&#8221; background_repeat=&#8221;repeat&#8221;]Estamos em todos estados, entre em contato com uma de nossas unidades e busque mais informa\u00e7\u00f5es.<br \/>\n[\/et_pb_text][\/et_pb_column][\/et_pb_row][et_pb_row admin_label=&#8221;Chamada \u00e0 A\u00e7\u00e3o&#8221; module_class=&#8221; et_pb_row_fullwidth&#8221; _builder_version=&#8221;4.5.1&#8243; background_color=&#8221;#990000&#8243; background_image=&#8221;https:\/\/www.sinpecpf.org.br\/site\/wp-content\/uploads\/2017\/06\/bg-degrade-03.png&#8221; background_size=&#8221;initial&#8221; background_position=&#8221;top_left&#8221; background_repeat=&#8221;repeat&#8221; width=&#8221;89%&#8221; width_tablet=&#8221;80%&#8221; width_phone=&#8221;&#8221; width_last_edited=&#8221;on|desktop&#8221; max_width=&#8221;89%&#8221; max_width_tablet=&#8221;80%&#8221; max_width_phone=&#8221;&#8221; max_width_last_edited=&#8221;on|desktop&#8221; min_height=&#8221;115px&#8221; custom_padding=&#8221;0px||0px|||&#8221; make_fullwidth=&#8221;on&#8221; global_module=&#8221;1369&#8243; saved_tabs=&#8221;all&#8221;][et_pb_column type=&#8221;4_4&#8243; _builder_version=&#8221;3.25&#8243; custom_padding=&#8221;|||&#8221; custom_padding__hover=&#8221;|||&#8221;][\/et_pb_column][\/et_pb_row][\/et_pb_section]<\/p>\n","protected":false},"excerpt":{"rendered":"<p>[et_pb_section fb_built=&#8221;1&#8243; admin_label=&#8221;section&#8221; _builder_version=&#8221;3.22&#8243; custom_padding=&#8221;0px|0px|51.1875px|0px&#8221;][et_pb_row column_structure=&#8221;2_3,1_3&#8243; admin_label=&#8221;row&#8221; module_class=&#8221; et_pb_row_fullwidth&#8221; _builder_version=&#8221;3.25&#8243; background_size=&#8221;initial&#8221; background_position=&#8221;top_left&#8221; background_repeat=&#8221;repeat&#8221; width=&#8221;89%&#8221; width_tablet=&#8221;80%&#8221; width_phone=&#8221;&#8221; width_last_edited=&#8221;on|desktop&#8221; max_width=&#8221;89%&#8221; max_width_tablet=&#8221;80%&#8221; max_width_phone=&#8221;&#8221; max_width_last_edited=&#8221;on|desktop&#8221; custom_margin=&#8221;-20px|||&#8221; make_fullwidth=&#8221;on&#8221;][et_pb_column type=&#8221;2_3&#8243; _builder_version=&#8221;3.25&#8243; custom_padding=&#8221;|||&#8221; custom_padding__hover=&#8221;|||&#8221;][et_pb_accordion admin_label=&#8221;Sanfona&#8221; _builder_version=&#8221;3.0.87&#8243; use_border_color=&#8221;off&#8221; border_color=&#8221;#ffffff&#8221; border_style=&#8221;solid&#8221;][et_pb_accordion_item title=&#8221;ACRE&#8221; _builder_version=&#8221;3.0.47&#8243; open=&#8221;off&#8221;]Representantes &#8211; Acre Representante : Janayra Saraiva Lopes E-mail : janayra.jsl@dpf.gov.br Telefone :\u00a068 3214-1200,\u00a068 99975-6874 Suplente Suplente : Margarete Vanelle G\u00e1vea [&hellip;]<\/p>\n","protected":false},"author":1,"featured_media":0,"parent":0,"menu_order":0,"comment_status":"closed","ping_status":"closed","template":"","meta":{"_bbp_topic_count":0,"_bbp_reply_count":0,"_bbp_total_topic_count":0,"_bbp_total_reply_count":0,"_bbp_voice_count":0,"_bbp_anonymous_reply_count":0,"_bbp_topic_count_hidden":0,"_bbp_reply_count_hidden":0,"_bbp_forum_subforum_count":0,"_et_pb_use_builder":"on","_et_pb_old_content":"","_et_gb_content_width":"","_joinchat":[],"footnotes":""},"class_list":["post-1094","page","type-page","status-publish","hentry"],"_links":{"self":[{"href":"https:\/\/www.sinpecpf.org.br\/site\/wp-json\/wp\/v2\/pages\/1094","targetHints":{"allow":["GET"]}}],"collection":[{"href":"https:\/\/www.sinpecpf.org.br\/site\/wp-json\/wp\/v2\/pages"}],"about":[{"href":"https:\/\/www.sinpecpf.org.br\/site\/wp-json\/wp\/v2\/types\/page"}],"author":[{"embeddable":true,"href":"https:\/\/www.sinpecpf.org.br\/site\/wp-json\/wp\/v2\/users\/1"}],"replies":[{"embeddable":true,"href":"https:\/\/www.sinpecpf.org.br\/site\/wp-json\/wp\/v2\/comments?post=1094"}],"version-history":[{"count":32,"href":"https:\/\/www.sinpecpf.org.br\/site\/wp-json\/wp\/v2\/pages\/1094\/revisions"}],"predecessor-version":[{"id":18740,"href":"https:\/\/www.sinpecpf.org.br\/site\/wp-json\/wp\/v2\/pages\/1094\/revisions\/18740"}],"wp:attachment":[{"href":"https:\/\/www.sinpecpf.org.br\/site\/wp-json\/wp\/v2\/media?parent=1094"}],"curies":[{"name":"wp","href":"https:\/\/api.w.org\/{rel}","templated":true}]}}