{"id":1090,"date":"2017-06-09T02:21:38","date_gmt":"2017-06-09T05:21:38","guid":{"rendered":"http:\/\/www.sinpecpf.org.br\/site\/?page_id=1090"},"modified":"2025-06-10T09:37:22","modified_gmt":"2025-06-10T12:37:22","slug":"diretoria","status":"publish","type":"page","link":"https:\/\/www.sinpecpf.org.br\/site\/diretoria\/","title":{"rendered":"DIRETORIA"},"content":{"rendered":"<p>[et_pb_section fb_built=&#8221;1&#8243; admin_label=&#8221;section&#8221; _builder_version=&#8221;4.5.1&#8243; custom_padding=&#8221;51.1875px|0px|51.1875px|0px|true|&#8221;][et_pb_row column_structure=&#8221;1_2,1_2&#8243; admin_label=&#8221;row&#8221; module_class=&#8221; et_pb_row_fullwidth&#8221; _builder_version=&#8221;3.25&#8243; background_size=&#8221;initial&#8221; background_position=&#8221;top_left&#8221; background_repeat=&#8221;repeat&#8221; width=&#8221;89%&#8221; width_tablet=&#8221;80%&#8221; width_phone=&#8221;&#8221; width_last_edited=&#8221;on|desktop&#8221; max_width=&#8221;89%&#8221; max_width_tablet=&#8221;80%&#8221; max_width_phone=&#8221;&#8221; max_width_last_edited=&#8221;on|desktop&#8221; make_fullwidth=&#8221;on&#8221;][et_pb_column type=&#8221;1_2&#8243; _builder_version=&#8221;3.25&#8243; custom_padding=&#8221;|||&#8221; custom_padding__hover=&#8221;|||&#8221;][et_pb_text admin_label=&#8221;Texto&#8221; _builder_version=&#8221;4.5.1&#8243; background_size=&#8221;initial&#8221; background_position=&#8221;top_left&#8221; background_repeat=&#8221;repeat&#8221; hover_enabled=&#8221;0&#8243; use_border_color=&#8221;off&#8221; border_color=&#8221;#ffffff&#8221; border_style=&#8221;solid&#8221;]<\/p>\n<h2>Diretoria-Executiva:<\/h2>\n<ul>\n<li><em>Presidente \u2013 Edmar Dos Santos Gomes<\/em><\/li>\n<li><em>Vice Presidente \u2013 Luis Henrique Maia Oliveira <\/em><\/li>\n<li><em>Secret\u00e1rio Geral \u2013 C\u00edcero Radimarque Franco Sousa <\/em><\/li>\n<li><em>Diretor Financeiro \u2013 Jo\u00e3o Luis Rodrigues Nunes <\/em><\/li>\n<li><em>Diretor Jur\u00eddico \u2013 Ronivaldo Lopes Da Cruz<\/em><\/li>\n<li><em>Diretor de Administra\u00e7\u00e3o e Patrim\u00f4nio \u2013 Algacy Chaves de Almeida <\/em><\/li>\n<li><em>Diretor de Assuntos Parlamentares \u2013 Adalberto Tavares Freitas <\/em><\/li>\n<li><em>Diretor de Comunica\u00e7\u00e3o Social \u2013Ronaldo Correa <\/em><\/li>\n<li><em>Diretor de Apoio aos Aposentados e Pensionistas \u2013 V\u00ednicius Marcelino Ilha <\/em><\/li>\n<li><em>Diretor de Assist\u00eancia Social \u2013 Ant\u00f4nio Carlos Nery Santos <\/em><\/li>\n<\/ul>\n<p>[\/et_pb_text][\/et_pb_column][et_pb_column type=&#8221;1_2&#8243; _builder_version=&#8221;3.25&#8243; custom_padding=&#8221;|||&#8221; custom_padding__hover=&#8221;|||&#8221;][et_pb_text admin_label=&#8221;Texto&#8221; _builder_version=&#8221;4.5.1&#8243; background_size=&#8221;initial&#8221; background_position=&#8221;top_left&#8221; background_repeat=&#8221;repeat&#8221; use_border_color=&#8221;off&#8221; border_color=&#8221;#ffffff&#8221; border_style=&#8221;solid&#8221;]<\/p>\n<div class=\"bs-callout bs-callout-danger\">\n<h3>Conselho Fiscal:<\/h3>\n<ul class=\"list-group\">\n<li class=\"list-group-item\"><em>Eug\u00eanio Moreira Filho <\/em><\/li>\n<li class=\"list-group-item\"><em>Ester Lacerda da Silva<br \/> <\/em><\/li>\n<li class=\"list-group-item\"><em>Ednaldo Braga dos Santos<\/em><\/li>\n<\/ul>\n<\/div>\n<div class=\"bs-callout bs-callout-danger\">\n<h3>Suplentes:<\/h3>\n<ul class=\"list-group\">\n<li class=\"list-group-item\"><em>Samuel Pretto Alves<br \/> <\/em><\/li>\n<li class=\"list-group-item\"><em>At\u00f4nia Guedes Baldez <\/em><\/li>\n<li class=\"list-group-item\"><em>Maria Das Gra\u00e7as Cunha de Aguiar<\/em><\/li>\n<\/ul>\n<\/div>\n<p>[\/et_pb_text][\/et_pb_column][\/et_pb_row][et_pb_row admin_label=&#8221;Chamada \u00e0 A\u00e7\u00e3o&#8221; module_class=&#8221; et_pb_row_fullwidth&#8221; _builder_version=&#8221;4.5.1&#8243; background_color=&#8221;#990000&#8243; background_image=&#8221;https:\/\/www.sinpecpf.org.br\/site\/wp-content\/uploads\/2017\/06\/bg-degrade-03.png&#8221; background_size=&#8221;initial&#8221; background_position=&#8221;top_left&#8221; background_repeat=&#8221;repeat&#8221; width=&#8221;89%&#8221; width_tablet=&#8221;80%&#8221; width_phone=&#8221;&#8221; width_last_edited=&#8221;on|desktop&#8221; max_width=&#8221;89%&#8221; max_width_tablet=&#8221;80%&#8221; max_width_phone=&#8221;&#8221; max_width_last_edited=&#8221;on|desktop&#8221; min_height=&#8221;115px&#8221; custom_padding=&#8221;0px||0px|||&#8221; make_fullwidth=&#8221;on&#8221; use_custom_width=&#8221;off&#8221; width_unit=&#8221;on&#8221; global_module=&#8221;1369&#8243; saved_tabs=&#8221;all&#8221;][et_pb_column type=&#8221;4_4&#8243; _builder_version=&#8221;3.25&#8243; custom_padding=&#8221;|||&#8221; custom_padding__hover=&#8221;|||&#8221;][\/et_pb_column][\/et_pb_row][\/et_pb_section]<\/p>\n","protected":false},"excerpt":{"rendered":"<p>[et_pb_section fb_built=&#8221;1&#8243; admin_label=&#8221;section&#8221; _builder_version=&#8221;4.5.1&#8243; custom_padding=&#8221;51.1875px|0px|51.1875px|0px|true|&#8221;][et_pb_row column_structure=&#8221;1_2,1_2&#8243; admin_label=&#8221;row&#8221; module_class=&#8221; et_pb_row_fullwidth&#8221; _builder_version=&#8221;3.25&#8243; background_size=&#8221;initial&#8221; background_position=&#8221;top_left&#8221; background_repeat=&#8221;repeat&#8221; width=&#8221;89%&#8221; width_tablet=&#8221;80%&#8221; width_phone=&#8221;&#8221; width_last_edited=&#8221;on|desktop&#8221; max_width=&#8221;89%&#8221; max_width_tablet=&#8221;80%&#8221; max_width_phone=&#8221;&#8221; max_width_last_edited=&#8221;on|desktop&#8221; make_fullwidth=&#8221;on&#8221;][et_pb_column type=&#8221;1_2&#8243; _builder_version=&#8221;3.25&#8243; custom_padding=&#8221;|||&#8221; custom_padding__hover=&#8221;|||&#8221;][et_pb_text admin_label=&#8221;Texto&#8221; _builder_version=&#8221;4.5.1&#8243; background_size=&#8221;initial&#8221; background_position=&#8221;top_left&#8221; background_repeat=&#8221;repeat&#8221; hover_enabled=&#8221;0&#8243; use_border_color=&#8221;off&#8221; border_color=&#8221;#ffffff&#8221; border_style=&#8221;solid&#8221;] Diretoria-Executiva: Presidente \u2013 Edmar Dos Santos Gomes Vice Presidente \u2013 Luis Henrique Maia Oliveira Secret\u00e1rio Geral \u2013 C\u00edcero Radimarque Franco [&hellip;]<\/p>\n","protected":false},"author":1,"featured_media":0,"parent":0,"menu_order":0,"comment_status":"closed","ping_status":"closed","template":"","meta":{"_bbp_topic_count":0,"_bbp_reply_count":0,"_bbp_total_topic_count":0,"_bbp_total_reply_count":0,"_bbp_voice_count":0,"_bbp_anonymous_reply_count":0,"_bbp_topic_count_hidden":0,"_bbp_reply_count_hidden":0,"_bbp_forum_subforum_count":0,"_et_pb_use_builder":"on","_et_pb_old_content":"","_et_gb_content_width":"","_joinchat":[],"footnotes":""},"class_list":["post-1090","page","type-page","status-publish","hentry"],"_links":{"self":[{"href":"https:\/\/www.sinpecpf.org.br\/site\/wp-json\/wp\/v2\/pages\/1090","targetHints":{"allow":["GET"]}}],"collection":[{"href":"https:\/\/www.sinpecpf.org.br\/site\/wp-json\/wp\/v2\/pages"}],"about":[{"href":"https:\/\/www.sinpecpf.org.br\/site\/wp-json\/wp\/v2\/types\/page"}],"author":[{"embeddable":true,"href":"https:\/\/www.sinpecpf.org.br\/site\/wp-json\/wp\/v2\/users\/1"}],"replies":[{"embeddable":true,"href":"https:\/\/www.sinpecpf.org.br\/site\/wp-json\/wp\/v2\/comments?post=1090"}],"version-history":[{"count":29,"href":"https:\/\/www.sinpecpf.org.br\/site\/wp-json\/wp\/v2\/pages\/1090\/revisions"}],"predecessor-version":[{"id":20482,"href":"https:\/\/www.sinpecpf.org.br\/site\/wp-json\/wp\/v2\/pages\/1090\/revisions\/20482"}],"wp:attachment":[{"href":"https:\/\/www.sinpecpf.org.br\/site\/wp-json\/wp\/v2\/media?parent=1090"}],"curies":[{"name":"wp","href":"https:\/\/api.w.org\/{rel}","templated":true}]}}